{"id":15672,"date":"2024-11-06T14:28:17","date_gmt":"2024-11-06T13:28:17","guid":{"rendered":"https:\/\/eyeshoot.be\/?post_type=product&#038;p=15672"},"modified":"2024-11-06T15:13:24","modified_gmt":"2024-11-06T14:13:24","slug":"pulsar-telos-lrf-xp50","status":"publish","type":"product","link":"https:\/\/www.eyeshoot.be\/?product=pulsar-telos-lrf-xp50","title":{"rendered":"Pulsar Telos LRF xP50"},"content":{"rendered":"","protected":false},"excerpt":{"rendered":"<h2 style=\"font-weight: 500;\">Pulsar Telos LRF XP50<\/h2>\n<p><br style=\"font-weight: 400;\" \/><span style=\"font-weight: 400;\">De Pulsar Telos is de eerste warmtebeeldcamera op de markt die de klant technisch kan upgraden.\u00a0<\/span><\/p>\n<p style=\"font-weight: 400;\">De te upgraden componenten\u00a0zijn: de optica, sensor, display en laserafstandsmeter.<\/p>\n<p style=\"font-weight: 400;\">U zult dan altijd over de nieuwste warmtebeeldcamera beschikken, maar alleen voor upgradekosten.<\/p>\n<p>Zeer gevoelige warmte beeldsensor met NETD &lt;18 mK zorgt voor verbluffend warmtebeeld kwaliteit en uitzonderlijke detailherkenning, zelfs in de moeilijkste weersomstandigheden,<\/p>\n<p>De kleinste temperatuurverschillen zijn duidelijk zichtbaar tijdens regenval, mist of koude ochtenden.<\/p>\n<p>De Pulsar Image Boost geeft de Pulsar Telos thermische beeldvorming van de hoogste detailkwaliteit, helderheid en contrast met een reeks originele beeldverwerking algoritmen.<\/p>\n<p>Idealiter kunt u het beeld in Telos met \u00e9\u00e9n hand aanpassen \u2212 de focus- en soepele zoom ringen bevinden zich op de lens in de klassieke lay-out, \u00e9\u00e9n voor \u00e9\u00e9n, zoals bij professionele camera-objectieven.<\/p>\n<p>Nauwkeurige laser tot 1000 m.\u00a0 Het weten van de doelafstand is een essenti\u00eble factor bij het nemen van de juiste beslissingen. Met een ingebouwde laserafstandsmeter met een bereik tot 1 kilometer kunt u afstanden meten in enkelvoudige metingen en continue scanmodi met een nauwkeurigheid van \u00b1 1 meter voor een snelle en foutloze beoordeling van de situatie.<\/p>\n<p>De warmtebeeldcamera&#8217;s van Telos zijn ontworpen voor gebruik in de ruige buitenlucht en in het temperatuurbereik van -25 tot +40 \u00b0C.<\/p>\n<p>Het apparaat is waterdicht wanneer het volledig in water is ondergedompeld.<\/p>\n<p>De met rubber beklede behuizing van composiet polymeer heeft hoge operationele eigenschappen.<\/p>\n<p>Dankzij de anatomisch vormgeving\u00a0 van de behuizing van deze Telos draagt deze bij tot meer\u00a0 veiligheid en comfort tijdens langdurig gebruik.<br \/>\nVervangbare accu met directe stekker en draadloze snel laadopties<br \/>\nDe gloednieuwe LPS 7i snelwissel Li-ion batterij garandeert meer dan 8 uur gebruikstijd.<\/p>\n<p>LPS 7i heeft geen speciale opladers nodig &#8211; sluit hem gewoon aan op een netwerkadapter via de USB Type-C-poort en laad hem in korte tijd op.<\/p>\n<p>Bovendien ondersteunt de LPS 7i-batterij draadloos opladen.<br \/>\nErgonomische, slipvaste, met rubber beklede behuizing<br \/>\nDe met rubber beklede behuizing helpt om het warmtebeeld apparaat veilig in de hand te houden, zowel bij droog weer als bij regen. De behuizing heeft een uitzonderlijke slijtvastheid en is perfect bestand tegen een breed temperatuurbereik, inclusief stoffige en vochtige omstandigheden, en beschermt het apparaat tegen vallen.<\/p>\n<p>Daarnaast is de behuizing eenvoudig schoon te maken en behoudt het lange tijd zijn oorspronkelijke uiterlijk.<br \/>\nAanpasbaar voor links- en rechtshandig gebruik<br \/>\nDoor de verticaal symmetrische lay-out van de bedieningselementen kan Telos met beide handen worden gebruikt met hetzelfde comfort &#8211; de knoppen bevinden zich in een rij op het bovenpaneel en de lensringen worden gebruikt voor scherpstellen en het wijzigen van de vergroting.<\/p>\n<p>De handriem is bevestigd aan de beweegbare ringen met fixatie in de eindposities, waardoor het apparaat onmiddellijk kan worden aangepast aan rechtshandig of\u00a0linkshandig\u00a0gebruik.<br \/>\nErgonomische en functionele draagtas<\/p>\n<p>Het systeem van optimale riempositionering verdeelt het gewicht van het apparaat over het lichaam van de jager, waardoor de schouders, rug en nek worden ontlast.<\/p>\n<h2 style=\"font-weight: 500;\"><\/h2>\n<p><span style=\"font-weight: 400;\">Sensor<\/span><br style=\"font-weight: 400;\" \/><span style=\"font-weight: 400;\">640&#215;480 pix. @ 17 \u00b5m (NETD &lt;18 mK)<\/span><br style=\"font-weight: 400;\" \/><br style=\"font-weight: 400;\" \/><span style=\"font-weight: 400;\">Objective lens<\/span><br style=\"font-weight: 400;\" \/><span style=\"font-weight: 400;\">F50 \/ 1.0<\/span><br style=\"font-weight: 400;\" \/><br style=\"font-weight: 400;\" \/><span style=\"font-weight: 400;\">Magnification, x<\/span><br style=\"font-weight: 400;\" \/><span style=\"font-weight: 400;\">2.5 \u2013 10 (x4 digital zoom)<\/span><br style=\"font-weight: 400;\" \/><br style=\"font-weight: 400;\" \/><span style=\"font-weight: 400;\">Field of view (HxV), degrees \/ m@100m<\/span><br style=\"font-weight: 400;\" \/><span style=\"font-weight: 400;\">12.4&#215;9.3 \/ 21.8&#215;16.3<\/span><br style=\"font-weight: 400;\" \/><br style=\"font-weight: 400;\" \/><span style=\"font-weight: 400;\">Detection range, m<\/span><br style=\"font-weight: 400;\" \/><span style=\"font-weight: 400;\">1800<\/span><br style=\"font-weight: 400;\" \/><br style=\"font-weight: 400;\" \/><span style=\"font-weight: 400;\">Sensor<\/span><br style=\"font-weight: 400;\" \/><span style=\"font-weight: 400;\">Type<\/span><br style=\"font-weight: 400;\" \/><span style=\"font-weight: 400;\">uncooled<\/span><br style=\"font-weight: 400;\" \/><br style=\"font-weight: 400;\" \/><span style=\"font-weight: 400;\">Resolution, pixels<\/span><br style=\"font-weight: 400;\" \/><span style=\"font-weight: 400;\">640&#215;480<\/span><br style=\"font-weight: 400;\" \/><br style=\"font-weight: 400;\" \/><span style=\"font-weight: 400;\">Pixel pitch, \u00b5m<\/span><br style=\"font-weight: 400;\" \/><span style=\"font-weight: 400;\">17<\/span><br style=\"font-weight: 400;\" \/><br style=\"font-weight: 400;\" \/><span style=\"font-weight: 400;\">NETD, mK<\/span><br style=\"font-weight: 400;\" \/><span style=\"font-weight: 400;\">&lt;18<\/span><br style=\"font-weight: 400;\" \/><br style=\"font-weight: 400;\" \/><span style=\"font-weight: 400;\">Frame rate, Hz<\/span><br style=\"font-weight: 400;\" \/><span style=\"font-weight: 400;\">50<\/span><br style=\"font-weight: 400;\" \/><br style=\"font-weight: 400;\" \/><span style=\"font-weight: 400;\">Optics<\/span><br style=\"font-weight: 400;\" \/><span style=\"font-weight: 400;\">Objective lens<\/span><br style=\"font-weight: 400;\" \/><span style=\"font-weight: 400;\">F50 \/ 1.0<\/span><br style=\"font-weight: 400;\" \/><br style=\"font-weight: 400;\" \/><span style=\"font-weight: 400;\">Magnification, x<\/span><br style=\"font-weight: 400;\" \/><span style=\"font-weight: 400;\">2.5 \u2013 10 (x4 digital zoom)<\/span><br style=\"font-weight: 400;\" \/><br style=\"font-weight: 400;\" \/><span style=\"font-weight: 400;\">Field of view (HxV), degrees \/ m @ 100 m<\/span><br style=\"font-weight: 400;\" \/><span style=\"font-weight: 400;\">12.4&#215;9.3 \/ 21.8&#215;16.3<\/span><br style=\"font-weight: 400;\" \/><br style=\"font-weight: 400;\" \/><span style=\"font-weight: 400;\">Eye relief, mm<\/span><br style=\"font-weight: 400;\" \/><span style=\"font-weight: 400;\">14<\/span><br style=\"font-weight: 400;\" \/><br style=\"font-weight: 400;\" \/><span style=\"font-weight: 400;\">Display<\/span><br style=\"font-weight: 400;\" \/><span style=\"font-weight: 400;\">Type<\/span><br style=\"font-weight: 400;\" \/><span style=\"font-weight: 400;\">AMOLED HD<\/span><br style=\"font-weight: 400;\" \/><br style=\"font-weight: 400;\" \/><span style=\"font-weight: 400;\">Resolution, pixels<\/span><br style=\"font-weight: 400;\" \/><span style=\"font-weight: 400;\">1024&#215;768<\/span><br style=\"font-weight: 400;\" \/><br style=\"font-weight: 400;\" \/><span style=\"font-weight: 400;\">Range Performance<\/span><br style=\"font-weight: 400;\" \/><span style=\"font-weight: 400;\">Detection range, m<\/span><br style=\"font-weight: 400;\" \/><span style=\"font-weight: 400;\">1800<\/span><br style=\"font-weight: 400;\" \/><br style=\"font-weight: 400;\" \/><span style=\"font-weight: 400;\">Laser Rangefinder<\/span><br style=\"font-weight: 400;\" \/><span style=\"font-weight: 400;\">Safety class for laser equipment according to IEC 60825-1:2014<\/span><br style=\"font-weight: 400;\" \/><span style=\"font-weight: 400;\">1<\/span><br style=\"font-weight: 400;\" \/><br style=\"font-weight: 400;\" \/><span style=\"font-weight: 400;\">Wavelength, nm<\/span><br style=\"font-weight: 400;\" \/><span style=\"font-weight: 400;\">905<\/span><br style=\"font-weight: 400;\" \/><br style=\"font-weight: 400;\" \/><span style=\"font-weight: 400;\">Max. measuring range, m<\/span><br style=\"font-weight: 400;\" \/><span style=\"font-weight: 400;\">1000<\/span><br style=\"font-weight: 400;\" \/><br style=\"font-weight: 400;\" \/><span style=\"font-weight: 400;\">Measurement accuracy, m<\/span><br style=\"font-weight: 400;\" \/><span style=\"font-weight: 400;\">\u00b1 1<\/span><br style=\"font-weight: 400;\" \/><br style=\"font-weight: 400;\" \/><span style=\"font-weight: 400;\">Video Recorder<\/span><br style=\"font-weight: 400;\" \/><span style=\"font-weight: 400;\">Video \/ photo resolution, pixel<\/span><br style=\"font-weight: 400;\" \/><span style=\"font-weight: 400;\">1024&#215;768<\/span><br style=\"font-weight: 400;\" \/><br style=\"font-weight: 400;\" \/><span style=\"font-weight: 400;\">Video \/ photo format<\/span><br style=\"font-weight: 400;\" \/><span style=\"font-weight: 400;\">.mp4 \/ .jpg<\/span><br style=\"font-weight: 400;\" \/><br style=\"font-weight: 400;\" \/><span style=\"font-weight: 400;\">Built-in memory, GB<\/span><br style=\"font-weight: 400;\" \/><span style=\"font-weight: 400;\">32<\/span><br style=\"font-weight: 400;\" \/><br style=\"font-weight: 400;\" \/><span style=\"font-weight: 400;\">Built-in memory capacity<\/span><br style=\"font-weight: 400;\" \/><span style=\"font-weight: 400;\">&#8211;<\/span><br style=\"font-weight: 400;\" \/><br style=\"font-weight: 400;\" \/><span style=\"font-weight: 400;\">Wi-Fi<\/span><br style=\"font-weight: 400;\" \/><span style=\"font-weight: 400;\">Wireless Protocol<\/span><br style=\"font-weight: 400;\" \/><span style=\"font-weight: 400;\">Wi-Fi<\/span><br style=\"font-weight: 400;\" \/><br style=\"font-weight: 400;\" \/><span style=\"font-weight: 400;\">Wireless Standard<\/span><br style=\"font-weight: 400;\" \/><span style=\"font-weight: 400;\">IEEE 802.11 b\/g\/n\/ac (WPA)<\/span><br style=\"font-weight: 400;\" \/><br style=\"font-weight: 400;\" \/><span style=\"font-weight: 400;\">Frequency, GHz<\/span><br style=\"font-weight: 400;\" \/><span style=\"font-weight: 400;\">2.4 \/ 5<\/span><br style=\"font-weight: 400;\" \/><br style=\"font-weight: 400;\" \/><span style=\"font-weight: 400;\">Bluetooth<\/span><br style=\"font-weight: 400;\" \/><span style=\"font-weight: 400;\">Wireless Protocol<\/span><br style=\"font-weight: 400;\" \/><span style=\"font-weight: 400;\">&#8211;<\/span><br style=\"font-weight: 400;\" \/><br style=\"font-weight: 400;\" \/><span style=\"font-weight: 400;\">Wireless Standard<\/span><br style=\"font-weight: 400;\" \/><span style=\"font-weight: 400;\">&#8211;<\/span><br style=\"font-weight: 400;\" \/><br style=\"font-weight: 400;\" \/><span style=\"font-weight: 400;\">Frequency, GHz<\/span><br style=\"font-weight: 400;\" \/><span style=\"font-weight: 400;\">&#8211;<\/span><br style=\"font-weight: 400;\" \/><br style=\"font-weight: 400;\" \/><span style=\"font-weight: 400;\">Environmental Characteristics<\/span><br style=\"font-weight: 400;\" \/><span style=\"font-weight: 400;\">Degree of protection, IP code (IEC60529)<\/span><br style=\"font-weight: 400;\" \/><span style=\"font-weight: 400;\">IP\u04257 (waterproof)<\/span><br style=\"font-weight: 400;\" \/><br style=\"font-weight: 400;\" \/><span style=\"font-weight: 400;\">Operating temperature range, \u00b0\u0421<\/span><br style=\"font-weight: 400;\" \/><span style=\"font-weight: 400;\">-25 \u2013 +40<\/span><\/p>\n","protected":false},"featured_media":15673,"template":"","meta":[],"_links":{"self":[{"href":"https:\/\/www.eyeshoot.be\/index.php?rest_route=\/wp\/v2\/product\/15672"}],"collection":[{"href":"https:\/\/www.eyeshoot.be\/index.php?rest_route=\/wp\/v2\/product"}],"about":[{"href":"https:\/\/www.eyeshoot.be\/index.php?rest_route=\/wp\/v2\/types\/product"}],"wp:featuredmedia":[{"embeddable":true,"href":"https:\/\/www.eyeshoot.be\/index.php?rest_route=\/wp\/v2\/media\/15673"}],"wp:attachment":[{"href":"https:\/\/www.eyeshoot.be\/index.php?rest_route=%2Fwp%2Fv2%2Fmedia&parent=15672"}],"curies":[{"name":"wp","href":"https:\/\/api.w.org\/{rel}","templated":true}]}}